{"id":314,"date":"2018-10-01T14:44:16","date_gmt":"2018-10-01T12:44:16","guid":{"rendered":"https:\/\/mami.u-strasbg.fr\/?page_id=314"},"modified":"2019-11-14T10:27:41","modified_gmt":"2019-11-14T09:27:41","slug":"early-career-researchers","status":"publish","type":"page","link":"https:\/\/mami.u-strasbg.fr\/index.php\/early-career-researchers\/","title":{"rendered":"Early Career Researchers"},"content":{"rendered":"<h2>Udara Bimendra Gunatilake &#8211; University of the Basque Country<\/h2>\n<p><img decoding=\"async\" loading=\"lazy\" src=\"https:\/\/mami.u-strasbg.fr\/wp-content\/uploads\/2018\/10\/Udara-Bimendra--222x300.jpg\" sizes=\"(max-width: 222px) 100vw, 222px\" srcset=\"https:\/\/mami.u-strasbg.fr\/wp-content\/uploads\/2018\/10\/Udara-Bimendra--222x300.jpg 222w, https:\/\/mami.u-strasbg.fr\/wp-content\/uploads\/2018\/10\/Udara-Bimendra--768x1040.jpg 768w, https:\/\/mami.u-strasbg.fr\/wp-content\/uploads\/2018\/10\/Udara-Bimendra--756x1024.jpg 756w\" alt=\"\" width=\"222\" height=\"300\" \/><\/p>\n<p>Udara Bimendra obtained his Bachelor of Science in Chemistry from the Science Faculty of the University of Peradeniya (Sri Lanka). During his final year, he conducted a research project mainly focusing on polymers and antistatic textiles. Afterwards, he did his Master degree in Chemical Sciences at the National Institute of Fundamental Studies (Sri Lanka) under a NSF research grant. He has done his master\u2019s studies in the research fields of membrane technology, surface chemistry and wastewater purification. In addition to that, he has an industrial experience on smart textiles.<a href=\"https:\/\/scholar.google.com\/citations?user=DlUdgtMAAAAJ&amp;hl=en\" target=\"_blank\" rel=\"noopener noreferrer\"><br \/>\nGoogle-plus<br \/>\n<\/a><\/p>\n<h2>Raheel Ahmad &#8211; Max Planck Institute of Dynamics and Self-Organization<\/h2>\n<p><img decoding=\"async\" loading=\"lazy\" src=\"https:\/\/mami.u-strasbg.fr\/wp-content\/uploads\/2018\/11\/Raheel-201x300.jpg\" sizes=\"(max-width: 201px) 100vw, 201px\" srcset=\"https:\/\/mami.u-strasbg.fr\/wp-content\/uploads\/2018\/11\/Raheel-201x300.jpg 201w, https:\/\/mami.u-strasbg.fr\/wp-content\/uploads\/2018\/11\/Raheel.jpg 463w\" alt=\"\" width=\"201\" height=\"300\" \/><\/p>\n<p>Raheel Ahmad is working as an EU-scientist at the Laboratory for Fluid Physics, Pattern Formation, and Biocomplexity (LFPB) led by Prof. Eberhard Bodenschatz, director of MPIDS G\u00f6ttingen, Germany. Raheel is a professional chemical engineer, who has been working as a research scientist at the center for flow control, department of mechanical engineering, KAIST, where he developed acoustic-based lab-on-a-chip (LOC) devices for biomolecular and microorganism analysis. Besides, he also added valuable skills to his expertise through clean room handling and molecular biology techniques. During his master degree in chemical engineering at KAIST, he focused on the development of barcode DNA-based biosensors coupled with MALDI-TOF MS for low-abundant protein biomarkers. Raheel has interests in designing and fabricating microfluidic-based analytical micro\/nano devices to study biological system and system dynamics.<\/p>\n<h2>Florencia Sacarelli &#8211; Universit\u00e9 de Strasbourg<\/h2>\n<p><img decoding=\"async\" loading=\"lazy\" src=\"https:\/\/mami.u-strasbg.fr\/wp-content\/uploads\/2019\/04\/Flor-300x285.jpg\" sizes=\"(max-width: 300px) 100vw, 300px\" srcset=\"https:\/\/mami.u-strasbg.fr\/wp-content\/uploads\/2019\/04\/Flor-300x285.jpg 300w, https:\/\/mami.u-strasbg.fr\/wp-content\/uploads\/2019\/04\/Flor-768x730.jpg 768w, https:\/\/mami.u-strasbg.fr\/wp-content\/uploads\/2019\/04\/Flor-1024x973.jpg 1024w, https:\/\/mami.u-strasbg.fr\/wp-content\/uploads\/2019\/04\/Flor.jpg 1080w\" alt=\"\" width=\"300\" height=\"285\" \/><\/p>\n<p>Florencia Sacarelli obtained her Bachelor in Chemistry from the Science Faculty of the Universidad Nacional de C\u00f3rdoba (Argentina) in 2017. During her career, she joined two different research groups in Physics-Chemistry and Organic Chemistry. In 2018, she worked in a polymer lab, researching about the use of nanogels for drugs delivery. She is now a PhD student at the Institute of Supramolecular Science and Engineering (ISIS), University of Strasbourg, under the supervision of Dr. Thomas Hermans.<\/p>\n<h2>Abdelqader Zaben &#8211; University of Latvia<\/h2>\n<p><img decoding=\"async\" loading=\"lazy\" src=\"https:\/\/mami.u-strasbg.fr\/wp-content\/uploads\/2018\/09\/IMG1244-300x300.jpeg\" sizes=\"(max-width: 300px) 100vw, 300px\" srcset=\"https:\/\/mami.u-strasbg.fr\/wp-content\/uploads\/2018\/09\/IMG1244-300x300.jpeg 300w, https:\/\/mami.u-strasbg.fr\/wp-content\/uploads\/2018\/09\/IMG1244-150x150.jpeg 150w, https:\/\/mami.u-strasbg.fr\/wp-content\/uploads\/2018\/09\/IMG1244-768x768.jpeg 768w, https:\/\/mami.u-strasbg.fr\/wp-content\/uploads\/2018\/09\/IMG1244-400x400.jpeg 400w, https:\/\/mami.u-strasbg.fr\/wp-content\/uploads\/2018\/09\/IMG1244-100x100.jpeg 100w, https:\/\/mami.u-strasbg.fr\/wp-content\/uploads\/2018\/09\/IMG1244.jpeg 879w\" alt=\"\" width=\"300\" height=\"300\" \/><\/p>\n<p>Abdelqader Zaben is a PhD student at the Laboratory of Magnetic Soft Materials, University of Latvia (Latvia) and will be working on the experimental investigation of local flows around magnetically filaments driven by AC magnetic fields. Abdelqader received his Bachelor of Engineering degree in Aeronautical and Aerospace Engineering from the University of Leeds, UK, in 2011, and Master of Science Degree in Thermal Power and Fluid Mechanics from Cranfield University, UK, in 2014 and Grenoble INP, France, in 2017 respectively.<\/p>\n<h2>Eni Kume &#8211; Laboratoire L\u00e9on Brillouin (CEA-CNRS), Universit\u00e9 Paris-Saclay<\/h2>\n<p><img decoding=\"async\" loading=\"lazy\" src=\"https:\/\/mami.u-strasbg.fr\/wp-content\/uploads\/2018\/11\/Eni-Koume-242x300.jpg\" sizes=\"(max-width: 242px) 100vw, 242px\" srcset=\"https:\/\/mami.u-strasbg.fr\/wp-content\/uploads\/2018\/11\/Eni-Koume-242x300.jpg 242w, https:\/\/mami.u-strasbg.fr\/wp-content\/uploads\/2018\/11\/Eni-Koume-768x952.jpg 768w, https:\/\/mami.u-strasbg.fr\/wp-content\/uploads\/2018\/11\/Eni-Koume-826x1024.jpg 826w\" alt=\"\" width=\"242\" height=\"300\" \/><\/p>\n<p>Eni Kume is currently a PhD student at the Laboratoire Leon Brillouin (Paris, France), part of the Atomic Energy Commission (CEA) and the National Centre for Scientific Research (CNRS). Eni obtained his Bachelor of Science in Physics from the National and Kapodistrian University of Athens in 2016. He then pursued and graduated from a\u00a0Master of Science in Materials Science from the same university in 2018. His research interests include: liquids, viscoelasticity, liquid-solid interaction and liquid crystals.<\/p>\n<h2>Aigars Langins &#8211; University of Latvia<\/h2>\n<p><img decoding=\"async\" loading=\"lazy\" src=\"https:\/\/mami.u-strasbg.fr\/wp-content\/uploads\/2018\/10\/Aigars-Langins-300x300.jpg\" sizes=\"(max-width: 300px) 100vw, 300px\" srcset=\"https:\/\/mami.u-strasbg.fr\/wp-content\/uploads\/2018\/10\/Aigars-Langins-300x300.jpg 300w, https:\/\/mami.u-strasbg.fr\/wp-content\/uploads\/2018\/10\/Aigars-Langins-150x150.jpg 150w, https:\/\/mami.u-strasbg.fr\/wp-content\/uploads\/2018\/10\/Aigars-Langins-768x768.jpg 768w, https:\/\/mami.u-strasbg.fr\/wp-content\/uploads\/2018\/10\/Aigars-Langins-1024x1024.jpg 1024w, https:\/\/mami.u-strasbg.fr\/wp-content\/uploads\/2018\/10\/Aigars-Langins-400x400.jpg 400w, https:\/\/mami.u-strasbg.fr\/wp-content\/uploads\/2018\/10\/Aigars-Langins-100x100.jpg 100w, https:\/\/mami.u-strasbg.fr\/wp-content\/uploads\/2018\/10\/Aigars-Langins.jpg 1357w\" alt=\"\" width=\"300\" height=\"300\" \/><br \/>\nAigars Langins finished his Bachelor in Physics with honors at the University of Latvia. During his studies, he did a semester of Erasmus+ in Paris at Sorbonne University. While in Paris, he decided to pursue a Master degree from which he graduated with honors last summer (2018).Aigars had thought about staying in Paris for a PhD but found out about the unique MAMI project PhD position back in Latvia. For him, it was an offer he could not pass &#8211; not only he will now be back to his home country working on a very challenging project, but he will have also the opportunity to teach first-year physics students introductory programming.<\/p>\n<h2>Tim Butcher &#8211; Trinity College Dublin<\/h2>\n<p><img decoding=\"async\" loading=\"lazy\" src=\"https:\/\/mami.u-strasbg.fr\/wp-content\/uploads\/2018\/10\/Photo_Tim_Butcher-300x200.jpg\" sizes=\"(max-width: 300px) 100vw, 300px\" srcset=\"https:\/\/mami.u-strasbg.fr\/wp-content\/uploads\/2018\/10\/Photo_Tim_Butcher-300x200.jpg 300w, https:\/\/mami.u-strasbg.fr\/wp-content\/uploads\/2018\/10\/Photo_Tim_Butcher-768x512.jpg 768w, https:\/\/mami.u-strasbg.fr\/wp-content\/uploads\/2018\/10\/Photo_Tim_Butcher-1024x683.jpg 1024w\" alt=\"\" width=\"300\" height=\"200\" \/><\/p>\n<p>Tim Butcher completed a Bachelor of Science in Physics at the Albert Ludwig University of Freiburg (Germany). He undertook his Bachelor&#8217;s project at the &#8220;Fraunhofer Institute for Mechanics of Materials IWM&#8221;, theoretically analysing a potential alloy for permanent magnets with low rare-earth content.\u00a0Subsequently, he obtained his Master of Science in Physics from TU Dresden (Germany). For his Master thesis, he performed quantum oscillation measurements at the &#8220;Dresden High Magnetic Field Laboratory&#8221; (HLD) in the &#8220;Helmholtz-Zentrum Dresden-Rossendorf&#8221; (HZDR).\u00a0Since September 2018, he is a PhD student in the Magnetism &amp; Spin Electronics group at Trinity College Dublin under supervision of Prof. J. M. D. Coey.<br \/>\n<a href=\"https:\/\/scholar.google.co.in\/citations?hl=en&amp;user=E4a209gAAAAJ\">Google Scholar<\/a><\/p>\n<h2>Jinu Kurian &#8211; Institute of Physics and Chemistry of Materials of Strasbourg (IPCMS-CNRS)<\/h2>\n<p><img decoding=\"async\" loading=\"lazy\" src=\"https:\/\/mami.u-strasbg.fr\/wp-content\/uploads\/2018\/10\/photo_Jinu-236x300.jpg\" sizes=\"(max-width: 236px) 100vw, 236px\" srcset=\"https:\/\/mami.u-strasbg.fr\/wp-content\/uploads\/2018\/10\/photo_Jinu-236x300.jpg 236w, https:\/\/mami.u-strasbg.fr\/wp-content\/uploads\/2018\/10\/photo_Jinu.jpg 437w\" alt=\"\" width=\"236\" height=\"300\" \/><\/p>\n<p>Jinu Kurian is originally from the state of Kerala, India. He did his Master in Physics at the Indian Institute of Technology, Chennai (IITM, India) and his master project was entitled \u2018Magnetic and magnetocaloric properties of Undercooled Rare earth intermetallic compounds RNi (R= Gd, Ho and Er) and rare earth compound SmNi\u2019. The work he did on magnetism during this period was presented in the international conference on applied magnetism \u2018INTERMAG 2018\u2019 and subsequently published as a paper entitled <em>Nanogranular, melt-spun intermetallic compound SmNi: Magnetocaloric effect and Large coercivity <\/em>(Vol. 11, no. 11, 2018) in <em>IEEE Transactions on Magnetics.<\/em><\/p>\n<h2>Ana Damnjanovic &#8211; Kolektor Group d.o.o.<\/h2>\n<p><img decoding=\"async\" loading=\"lazy\" src=\"https:\/\/mami.u-strasbg.fr\/wp-content\/uploads\/2018\/11\/Ana-Damnjanovic-233x300.jpg\" sizes=\"(max-width: 233px) 100vw, 233px\" srcset=\"https:\/\/mami.u-strasbg.fr\/wp-content\/uploads\/2018\/11\/Ana-Damnjanovic-233x300.jpg 233w, https:\/\/mami.u-strasbg.fr\/wp-content\/uploads\/2018\/11\/Ana-Damnjanovic.jpg 413w\" alt=\"\" width=\"233\" height=\"300\" \/><\/p>\n<p>Ana graduated from the Technical Faculty Bor, University of Belgrade (Serbia) in the department of Inorganic Technology (2012). In 2015, she was granted the European Commission scholarship for the International Master of Science in Environmental Technology and Engineering (IMETE), a Joint Master Degree Programme. This program was held at three leading European universities: Ghent University (Belgium), IHE Delft Institute for Water Education (The Netherlands), and the University of Chemistry and Technology, Prague (Czech Republic). During this master programme, Ana obtained knowledge in technologies for mitigation and remediation of environmental issues.\u00a0Regarding her professional experience, she worked for a year (2012) as a Technology and Product Safety manager in a mineral water plant, and afterwards as Quality control manager at the factory for processing of calcite mineral raw materials (2013-14).<\/p>\n<h2>Nikolina Le\u0161i\u0107 &#8211; Jo\u017eef Stefan Institute<\/h2>\n<p><img decoding=\"async\" loading=\"lazy\" src=\"https:\/\/mami.u-strasbg.fr\/wp-content\/uploads\/2018\/10\/Picture_Nikolina-Lesic-191x300.jpg\" sizes=\"(max-width: 191px) 100vw, 191px\" srcset=\"https:\/\/mami.u-strasbg.fr\/wp-content\/uploads\/2018\/10\/Picture_Nikolina-Lesic-191x300.jpg 191w, https:\/\/mami.u-strasbg.fr\/wp-content\/uploads\/2018\/10\/Picture_Nikolina-Lesic-768x1208.jpg 768w, https:\/\/mami.u-strasbg.fr\/wp-content\/uploads\/2018\/10\/Picture_Nikolina-Lesic-651x1024.jpg 651w, https:\/\/mami.u-strasbg.fr\/wp-content\/uploads\/2018\/10\/Picture_Nikolina-Lesic.jpg 1048w\" alt=\"\" width=\"191\" height=\"300\" \/><\/p>\n<p>Nikolina Le\u0161i\u0107 is a PhD student at the Department of Physical and Organic Chemistry, Jo\u017eef Stefan Institute (Slovenia). She obtained her Bachelor degree in Chemistry from the Faculty of Science, University of Zagreb (Croatia) in 2015. In 2018 she obtained a Master degree in Chemistry from the same Faculty with the Master thesis <em>Kinetics of dimerization of monomers and dissociation of dimers of p-halogenonitrosobenzenes in solid state<\/em>. She obtained three awards, one of them being the Rector\u2019s Award in 2017 for individual scientific work for the study entitled: <em>Cerium oxide nanoparticles \u2013 synthesis, characterization and adsorption of polyelectrolytes<\/em>.<\/p>\n<h2>Arvind Arun Dev &#8211; Institute of Physics and Chemistry of Materials of Strasbourg (IPCMS-CNRS)<\/h2>\n<p><img decoding=\"async\" loading=\"lazy\" src=\"https:\/\/mami.u-strasbg.fr\/wp-content\/uploads\/2018\/11\/Arvind-Dev-300x300.jpg\" sizes=\"(max-width: 300px) 100vw, 300px\" srcset=\"https:\/\/mami.u-strasbg.fr\/wp-content\/uploads\/2018\/11\/Arvind-Dev-300x300.jpg 300w, https:\/\/mami.u-strasbg.fr\/wp-content\/uploads\/2018\/11\/Arvind-Dev-150x150.jpg 150w, https:\/\/mami.u-strasbg.fr\/wp-content\/uploads\/2018\/11\/Arvind-Dev-400x400.jpg 400w, https:\/\/mami.u-strasbg.fr\/wp-content\/uploads\/2018\/11\/Arvind-Dev-100x100.jpg 100w, https:\/\/mami.u-strasbg.fr\/wp-content\/uploads\/2018\/11\/Arvind-Dev.jpg 640w\" alt=\"\" width=\"300\" height=\"300\" \/><\/p>\n<p>Arvind Arun Dev is from Korba, Chhattisgarh, India. He is a mechanical engineering graduate with interests in fluid and thermal phenomena. After his Bachelor degree (2010-14) in mechanical engineering, Arvind worked briefly for General Electric. Interested in research, he later joined the Indian institute of Technology Bombay (2015-16) as a Junior Research Fellow in Cryogenic laboratory. He has completed his MSc Applied Physics (2016-2018) from University of Twente, The Netherlands. During his MSc. Arvind received the University of Twente Scholarship and the J N Tata Scholarship. He also visited Max Planck institute for Polymer Research, Mainz (Germany) for internship. His MSc. Thesis focused on the response of flexible superhydrophobic striped surfaces during electrowetting of a sessile drop. The study combined fluids, mechanics and optics.<\/p>\n<h2>Sruthy Poulose &#8211; Trinity College Dublin<\/h2>\n<p><img decoding=\"async\" loading=\"lazy\" src=\"https:\/\/mami.u-strasbg.fr\/wp-content\/uploads\/2018\/10\/Sruthy-Poulose--193x300.jpg\" sizes=\"(max-width: 193px) 100vw, 193px\" srcset=\"https:\/\/mami.u-strasbg.fr\/wp-content\/uploads\/2018\/10\/Sruthy-Poulose--193x300.jpg 193w, https:\/\/mami.u-strasbg.fr\/wp-content\/uploads\/2018\/10\/Sruthy-Poulose--768x1196.jpg 768w, https:\/\/mami.u-strasbg.fr\/wp-content\/uploads\/2018\/10\/Sruthy-Poulose--657x1024.jpg 657w, https:\/\/mami.u-strasbg.fr\/wp-content\/uploads\/2018\/10\/Sruthy-Poulose-.jpg 1404w\" alt=\"\" width=\"193\" height=\"300\" \/><\/p>\n<p>Sruthy Poulose is a PhD student at Trinity College, University of Dublin, Ireland under the supervision of Prof. Michael Coey.\u00a0 She has completed her Master\u2019s degree in Physics from National Institute of Technology Trichy (India). Her master thesis was based on achieving superhydrophobic surface for self-cleaning applications mimicking lotus effect phenomenon. She has joined Indian Institute of Technology Delhi as a Project Assistant to work on Single-step fabrication of flexible guided-mode resonant sensor on surface engineered polydimethylsiloxane substrate. The research work was spanned over the two extremes of wettability; hydrophilicity and superhydrophobicity and its switching behavior on different substrates via surface engineering. Her research interest lies in the fields of Condensed matter physics, Nanotechnology and Material science.<\/p>\n<p><a href=\"www.linkedin.com\/in\/sruthypoulose\" target=\"_blank\" rel=\"noopener noreferrer\">LinkedIn<br \/>\n<\/a><\/p>\n<h2>Vahid Nasirimarekani &#8211; University of the Basque Country<\/h2>\n<p><img decoding=\"async\" loading=\"lazy\" src=\"https:\/\/mami.u-strasbg.fr\/wp-content\/uploads\/2018\/11\/IMG-20180105-WA0011-260x300.jpg\" sizes=\"(max-width: 260px) 100vw, 260px\" srcset=\"https:\/\/mami.u-strasbg.fr\/wp-content\/uploads\/2018\/11\/IMG-20180105-WA0011-260x300.jpg 260w, https:\/\/mami.u-strasbg.fr\/wp-content\/uploads\/2018\/11\/IMG-20180105-WA0011.jpg 587w\" alt=\"\" width=\"260\" height=\"300\" \/><\/p>\n<p>Vahid Nasirimarekani\u00a0graduated from Mechanical Engineering in Iran and has done his master studies in Renewable Energies in Turkey. Afterwards, because of his engineering background in fluid mechanics and interest in life sciences, he has been working on microfluidic devices, fabrication and applying in multiple emulsions and layer-by-layer formation of DNA-Cationic lipid complexes over last two years in International Iberian Nanotechnology Laboratory, in Portugal. He has now joined the Microfluidics Cluster research group in UPV\/EHU University in Spain under the European MaMi project and he will be working on fabrication and actuating artificial cilia inside micro dimensioned fluidic channels for investigation of locally-driven flows.<\/p>\n<h2>Viswa Moturi &#8211; Max Planck Institute of Dynamics and Self-Organization<\/h2>\n<p><img decoding=\"async\" loading=\"lazy\" class=\"alignnone wp-image-724 size-medium\" src=\"https:\/\/mami.u-strasbg.fr\/wp-content\/uploads\/2019\/11\/DSC_0367-300x252.jpg\" alt=\"Viswa Moturi\" width=\"300\" height=\"252\" srcset=\"https:\/\/mami.u-strasbg.fr\/wp-content\/uploads\/2019\/11\/DSC_0367-300x252.jpg 300w, https:\/\/mami.u-strasbg.fr\/wp-content\/uploads\/2019\/11\/DSC_0367-768x645.jpg 768w, https:\/\/mami.u-strasbg.fr\/wp-content\/uploads\/2019\/11\/DSC_0367-1024x859.jpg 1024w\" sizes=\"(max-width: 300px) 100vw, 300px\" \/><\/p>\n<p>Viswa obtained Bachelor&#8217;s degree in\u00a0 Mechanical engineering in 2013 from Acharya Nagarjuna University, India. In 2016, she received dual Master&#8217;s degrees in Computational fluid dynamics from University of Petroleum and Energy Studies, India and in Thermal\u00a0science and energy from the University of Nantes, France.\u00a0\u00a0She was awarded her PhD degree in Fluid mechanics from the University of Strasbourg in 2019. During her PhD, she studied Rotating Rayleigh B\u00e9nard convection and Path instability of rising bubbles. She is now a Post doctoral researcher at Max Planck Institute for Dynamics and Self Organization, working with Prof Eberhard Bodenschatz and Dr Isabella Guido on Cilia based fluid flow.<\/p>\n<h2>Emma Thomee &#8211; Elvesys Innovation Unit<\/h2>\n<p><img decoding=\"async\" loading=\"lazy\" src=\"https:\/\/mami.u-strasbg.fr\/wp-content\/uploads\/2018\/10\/Emma-Thomee-220x300.jpg\" sizes=\"(max-width: 220px) 100vw, 220px\" srcset=\"https:\/\/mami.u-strasbg.fr\/wp-content\/uploads\/2018\/10\/Emma-Thomee-220x300.jpg 220w, https:\/\/mami.u-strasbg.fr\/wp-content\/uploads\/2018\/10\/Emma-Thomee-768x1047.jpg 768w, https:\/\/mami.u-strasbg.fr\/wp-content\/uploads\/2018\/10\/Emma-Thomee-751x1024.jpg 751w\" alt=\"\" width=\"220\" height=\"300\" \/><\/p>\n<p>Emma Thom\u00e9e was born in Malm\u00f6, Sweden and obtained her Bachelor and Master degree in Biomedical Engineering at Lund University. In 2017, she joined the research group EMBLA (Exploring Microtechnology for Biomedical and Life Science Applications) led by Dr. Maria Tenje at Uppsala University. She was involved in the development of a microfluidic blood-brain barrier model, working primarily on the integration of electrical sensors. Emma is currently a PhD student at Elvesys Microfluidic Innovation Center in Paris, where her research focuses on implementing magnetic control into microfluidic devices for bio-applications. She conducts her research between Elvesys in Paris and Institut de Science et d\u2019Ing\u00e9nierie Supramol\u00e9culaires at the University of Strasbourg, under the supervision of Dr. Thomas Hermans.<a href=\"https:\/\/www.linkedin.com\/in\/emma-thom%C3%A9e-a73148a9\/\" target=\"_blank\" rel=\"noopener noreferrer\"><br \/>\nLinkedIn<br \/>\n<\/a><a href=\"https:\/\/scholar.google.fr\/citations?user=GMr-7fcAAAAJ&amp;hl=en\" target=\"_blank\" rel=\"noopener noreferrer\">Google-plus<br \/>\n<\/a><\/p>\n","protected":false},"excerpt":{"rendered":"<p>Udara Bimendra Gunatilake &#8211; University of the Basque Country Udara Bimendra obtained his Bachelor of Science in Chemistry from the Science Faculty of the University of Peradeniya (Sri Lanka). During his final year, he conducted a research project mainly focusing on polymers and antistatic textiles. Afterwards, he did his Master degree in Chemical Sciences at [&hellip;]<\/p>\n","protected":false},"author":2,"featured_media":0,"parent":0,"menu_order":0,"comment_status":"closed","ping_status":"closed","template":"","meta":[],"_links":{"self":[{"href":"https:\/\/mami.u-strasbg.fr\/index.php\/wp-json\/wp\/v2\/pages\/314"}],"collection":[{"href":"https:\/\/mami.u-strasbg.fr\/index.php\/wp-json\/wp\/v2\/pages"}],"about":[{"href":"https:\/\/mami.u-strasbg.fr\/index.php\/wp-json\/wp\/v2\/types\/page"}],"author":[{"embeddable":true,"href":"https:\/\/mami.u-strasbg.fr\/index.php\/wp-json\/wp\/v2\/users\/2"}],"replies":[{"embeddable":true,"href":"https:\/\/mami.u-strasbg.fr\/index.php\/wp-json\/wp\/v2\/comments?post=314"}],"version-history":[{"count":74,"href":"https:\/\/mami.u-strasbg.fr\/index.php\/wp-json\/wp\/v2\/pages\/314\/revisions"}],"predecessor-version":[{"id":726,"href":"https:\/\/mami.u-strasbg.fr\/index.php\/wp-json\/wp\/v2\/pages\/314\/revisions\/726"}],"wp:attachment":[{"href":"https:\/\/mami.u-strasbg.fr\/index.php\/wp-json\/wp\/v2\/media?parent=314"}],"curies":[{"name":"wp","href":"https:\/\/api.w.org\/{rel}","templated":true}]}}