{"id":1165,"date":"2022-02-16T15:11:38","date_gmt":"2022-02-16T14:11:38","guid":{"rendered":"https:\/\/mami.u-strasbg.fr\/?page_id=1165"},"modified":"2022-02-17T09:31:44","modified_gmt":"2022-02-17T08:31:44","slug":"sabrina-disch","status":"publish","type":"page","link":"https:\/\/mami.u-strasbg.fr\/index.php\/sabrina-disch\/","title":{"rendered":"Sabrina Disch"},"content":{"rendered":"\t\t<div data-elementor-type=\"wp-page\" data-elementor-id=\"1165\" class=\"elementor elementor-1165\">\n\t\t\t\t\t\t<div class=\"elementor-inner\">\n\t\t\t\t<div class=\"elementor-section-wrap\">\n\t\t\t\t\t\t\t\t\t<section class=\"elementor-section elementor-top-section elementor-element elementor-element-dbea28c elementor-section-boxed elementor-section-height-default elementor-section-height-default\" data-id=\"dbea28c\" data-element_type=\"section\">\n\t\t\t\t\t\t<div class=\"elementor-container elementor-column-gap-default\">\n\t\t\t\t\t\t\t<div class=\"elementor-row\">\n\t\t\t\t\t<div class=\"elementor-column elementor-col-100 elementor-top-column elementor-element elementor-element-bc1e358\" data-id=\"bc1e358\" data-element_type=\"column\">\n\t\t\t<div class=\"elementor-column-wrap elementor-element-populated\">\n\t\t\t\t\t\t\t<div class=\"elementor-widget-wrap\">\n\t\t\t\t\t\t<div class=\"elementor-element elementor-element-7491abf elementor-position-left elementor-vertical-align-top elementor-widget elementor-widget-image-box\" data-id=\"7491abf\" data-element_type=\"widget\" data-widget_type=\"image-box.default\">\n\t\t\t\t<div class=\"elementor-widget-container\">\n\t\t\t<div class=\"elementor-image-box-wrapper\"><figure class=\"elementor-image-box-img\"><a href=\"https:\/\/nanostr.uni-koeln.de\/team\/sabrina-disch\"><img decoding=\"async\" width=\"2127\" height=\"2534\" src=\"https:\/\/mami.u-strasbg.fr\/wp-content\/uploads\/2022\/02\/SDisch.jpg\" class=\"attachment-full size-full\" alt=\"\" loading=\"lazy\" \/><\/a><\/figure><div class=\"elementor-image-box-content\"><h3 class=\"elementor-image-box-title\"><a href=\"https:\/\/nanostr.uni-koeln.de\/team\/sabrina-disch\">Sabrina Disch<\/a><\/h3><p class=\"elementor-image-box-description\">Research Group Leader, <br> Department f\u00fcr Chemie, <br>Universit\u00e4t zu K\u00f6ln<\/p><\/div><\/div>\t\t<\/div>\n\t\t\t\t<\/div>\n\t\t\t\t\t\t<\/div>\n\t\t\t\t\t<\/div>\n\t\t<\/div>\n\t\t\t\t\t\t\t\t<\/div>\n\t\t\t\t\t<\/div>\n\t\t<\/section>\n\t\t\t\t<section class=\"elementor-section elementor-top-section elementor-element elementor-element-493ec34 elementor-section-boxed elementor-section-height-default elementor-section-height-default\" data-id=\"493ec34\" data-element_type=\"section\">\n\t\t\t\t\t\t<div class=\"elementor-container elementor-column-gap-default\">\n\t\t\t\t\t\t\t<div class=\"elementor-row\">\n\t\t\t\t\t<div class=\"elementor-column elementor-col-100 elementor-top-column elementor-element elementor-element-71a7089\" data-id=\"71a7089\" data-element_type=\"column\">\n\t\t\t<div class=\"elementor-column-wrap elementor-element-populated\">\n\t\t\t\t\t\t\t<div class=\"elementor-widget-wrap\">\n\t\t\t\t\t\t<div class=\"elementor-element elementor-element-855504b elementor-widget elementor-widget-heading\" data-id=\"855504b\" data-element_type=\"widget\" data-widget_type=\"heading.default\">\n\t\t\t\t<div class=\"elementor-widget-container\">\n\t\t\t<h2 class=\"elementor-heading-title elementor-size-default\">Title: Orientation Behavior of Anisometric Magnetic Nanoparticles in Dynamic Magnetic Fields<\/h2>\t\t<\/div>\n\t\t\t\t<\/div>\n\t\t\t\t\t\t<\/div>\n\t\t\t\t\t<\/div>\n\t\t<\/div>\n\t\t\t\t\t\t\t\t<\/div>\n\t\t\t\t\t<\/div>\n\t\t<\/section>\n\t\t\t\t<section class=\"elementor-section elementor-top-section elementor-element elementor-element-be5a830 elementor-section-boxed elementor-section-height-default elementor-section-height-default\" data-id=\"be5a830\" data-element_type=\"section\">\n\t\t\t\t\t\t<div class=\"elementor-container elementor-column-gap-default\">\n\t\t\t\t\t\t\t<div class=\"elementor-row\">\n\t\t\t\t\t<div class=\"elementor-column elementor-col-100 elementor-top-column elementor-element elementor-element-6318ce7\" data-id=\"6318ce7\" data-element_type=\"column\">\n\t\t\t<div class=\"elementor-column-wrap elementor-element-populated\">\n\t\t\t\t\t\t\t<div class=\"elementor-widget-wrap\">\n\t\t\t\t\t\t<div class=\"elementor-element elementor-element-275f1fd elementor-widget elementor-widget-text-editor\" data-id=\"275f1fd\" data-element_type=\"widget\" data-widget_type=\"text-editor.default\">\n\t\t\t\t<div class=\"elementor-widget-container\">\n\t\t\t\t\t\t\t\t<div class=\"elementor-text-editor elementor-clearfix\">\n\t\t\t\t<p><strong>Abstract:&nbsp;<\/strong>Magnetic nanoparticles find widespread attention with numerous applications, e.g. nanomedicine [1], smart fluids [2], and active matter with self-propelling particles [3] that can be manipulated with static and dynamic magnetic fields. Hematite nanospindles are particularly fascinating as they orient with their principal axis perpendicular to an applied magnetic field in contrast to typical ferromagnetic compass needles. In addition, the anisometric shape gives rise to two distinct motions around the long and short axis that directly affect their response to magnetic fields, as we can monitor closely with small-angle X-ray and neutron scattering (SAXS\/SANS) techniques.<\/p>\n<p>In this talk, I will show how different collective rotation modes of hematite nanospindles can be separated using a rotating magnetic field of varying frequency and tracing the particle motion with time-resolved SAXS [4]. I will demonstrate that nanospindles allow to probe the local viscosity even in opaque complex fluids [5] when using neutrons. Time-resolved SANS under an oscillating field gives unambiguous access to the characteristic frequency of rotational diffusion. Finally, the combination of a static magnetic field and shear flow leads to different, competing reorientation effects that we disentangled using a dedicated SANS setup enabling microscopic studies of magnetoviscous effects [6].<\/p>\n<p><\/p>\n<p>[1] Q. A. Pankhurst, J. Connolly, S. K. Johnson, J. Dobson, <em>J. Phys. D: Appl. Phys.<\/em> 36 (2003) R167.<\/p>\n<p>[2] J. de Vicente, D. J. Klingenberg, R. Hidalgo-Alvarez, <em>Soft Matter<\/em> 7 (2011), 3701.<\/p>\n<p>[3] G. Z. Lum, Z. Ye, X. Dong, H. Marvi, O. Erin, W. Hu, M. Sitti, <em>PNAS<\/em> 113 (2016), E6007\u2013E6015.<\/p>\n<p>[4] D. Honecker, P. Bender, Y. Falke, D. Dresen, M. Kundt, A. M. Schmidt, A. Tsch\u00f6pe, M. Sztucki, M. Burghammer, S. Disch, Controlling the Rotation Modes of Hematite Nanospindles by Dynamic Magnetic Fields, <em>preprint <\/em>(2022). doi: 10.26434\/chemrxiv-2022-c0hh4<\/p>\n<p>[5] C. Glinka, M. Bleuel, P. Tsai, D. Z\u00e1kutn\u00e1, D. Honecker, D. Dresen, F. Mees, S. Disch, <em>J. Appl. Cryst.<\/em> 53 (2020), 598 \u2013 604.<\/p>\n<p>[6] D. Z\u00e1kutn\u00e1, K. Graef, D. Dresen, L. Porcar, D. Honecker, S. Disch, <em>Colloid Polym Sci<\/em> 299 (2021), 281 \u2013 288.<\/p>\t\t\t\t\t<\/div>\n\t\t\t\t\t\t<\/div>\n\t\t\t\t<\/div>\n\t\t\t\t\t\t<\/div>\n\t\t\t\t\t<\/div>\n\t\t<\/div>\n\t\t\t\t\t\t\t\t<\/div>\n\t\t\t\t\t<\/div>\n\t\t<\/section>\n\t\t\t\t\t\t\t\t\t<\/div>\n\t\t\t<\/div>\n\t\t\t\t\t<\/div>\n\t\t","protected":false},"excerpt":{"rendered":"<p>Sabrina Disch Research Group Leader, Department f\u00fcr Chemie, Universit\u00e4t zu K\u00f6ln Title: Orientation Behavior of Anisometric Magnetic Nanoparticles in Dynamic Magnetic Fields Abstract:&nbsp;Magnetic nanoparticles find widespread attention with numerous applications, e.g. nanomedicine [1], smart fluids [2], and active matter with self-propelling particles [3] that can be manipulated with static and dynamic magnetic fields. Hematite nanospindles [&hellip;]<\/p>\n","protected":false},"author":4,"featured_media":0,"parent":0,"menu_order":0,"comment_status":"closed","ping_status":"closed","template":"","meta":[],"_links":{"self":[{"href":"https:\/\/mami.u-strasbg.fr\/index.php\/wp-json\/wp\/v2\/pages\/1165"}],"collection":[{"href":"https:\/\/mami.u-strasbg.fr\/index.php\/wp-json\/wp\/v2\/pages"}],"about":[{"href":"https:\/\/mami.u-strasbg.fr\/index.php\/wp-json\/wp\/v2\/types\/page"}],"author":[{"embeddable":true,"href":"https:\/\/mami.u-strasbg.fr\/index.php\/wp-json\/wp\/v2\/users\/4"}],"replies":[{"embeddable":true,"href":"https:\/\/mami.u-strasbg.fr\/index.php\/wp-json\/wp\/v2\/comments?post=1165"}],"version-history":[{"count":10,"href":"https:\/\/mami.u-strasbg.fr\/index.php\/wp-json\/wp\/v2\/pages\/1165\/revisions"}],"predecessor-version":[{"id":1205,"href":"https:\/\/mami.u-strasbg.fr\/index.php\/wp-json\/wp\/v2\/pages\/1165\/revisions\/1205"}],"wp:attachment":[{"href":"https:\/\/mami.u-strasbg.fr\/index.php\/wp-json\/wp\/v2\/media?parent=1165"}],"curies":[{"name":"wp","href":"https:\/\/api.w.org\/{rel}","templated":true}]}}