{"id":1149,"date":"2022-02-16T11:21:32","date_gmt":"2022-02-16T10:21:32","guid":{"rendered":"https:\/\/mami.u-strasbg.fr\/?page_id=1149"},"modified":"2022-02-16T11:35:31","modified_gmt":"2022-02-16T10:35:31","slug":"magali-lingenfelder","status":"publish","type":"page","link":"https:\/\/mami.u-strasbg.fr\/index.php\/magali-lingenfelder\/","title":{"rendered":"Magal\u00ed Lingenfelder"},"content":{"rendered":"\t\t<div data-elementor-type=\"wp-page\" data-elementor-id=\"1149\" class=\"elementor elementor-1149\">\n\t\t\t\t\t\t<div class=\"elementor-inner\">\n\t\t\t\t<div class=\"elementor-section-wrap\">\n\t\t\t\t\t\t\t\t\t<section class=\"elementor-section elementor-top-section elementor-element elementor-element-8ed9b03 elementor-section-boxed elementor-section-height-default elementor-section-height-default\" data-id=\"8ed9b03\" data-element_type=\"section\">\n\t\t\t\t\t\t<div class=\"elementor-container elementor-column-gap-default\">\n\t\t\t\t\t\t\t<div class=\"elementor-row\">\n\t\t\t\t\t<div class=\"elementor-column elementor-col-100 elementor-top-column elementor-element elementor-element-da74263\" data-id=\"da74263\" data-element_type=\"column\">\n\t\t\t<div class=\"elementor-column-wrap elementor-element-populated\">\n\t\t\t\t\t\t\t<div class=\"elementor-widget-wrap\">\n\t\t\t\t\t\t<div class=\"elementor-element elementor-element-4c616e7 elementor-position-left elementor-vertical-align-top elementor-widget elementor-widget-image-box\" data-id=\"4c616e7\" data-element_type=\"widget\" data-widget_type=\"image-box.default\">\n\t\t\t\t<div class=\"elementor-widget-container\">\n\t\t\t<div class=\"elementor-image-box-wrapper\"><figure class=\"elementor-image-box-img\"><a href=\"https:\/\/lingenfelder-lab.com\"><img decoding=\"async\" width=\"256\" height=\"275\" src=\"https:\/\/mami.u-strasbg.fr\/wp-content\/uploads\/2022\/02\/Picture-1.png\" class=\"attachment-full size-full\" alt=\"\" loading=\"lazy\" \/><\/a><\/figure><div class=\"elementor-image-box-content\"><h3 class=\"elementor-image-box-title\"><a href=\"https:\/\/lingenfelder-lab.com\">Magal\u00ed Lingenfelder<\/a><\/h3><p class=\"elementor-image-box-description\">Head Max-Planck-EPFL<br> Laboratory for Molecular Nanoscience<br>\nEcole Polytechnique F\u00e9d\u00e9rale de Lausanne<br>\n\n\n<\/p><\/div><\/div>\t\t<\/div>\n\t\t\t\t<\/div>\n\t\t\t\t\t\t<\/div>\n\t\t\t\t\t<\/div>\n\t\t<\/div>\n\t\t\t\t\t\t\t\t<\/div>\n\t\t\t\t\t<\/div>\n\t\t<\/section>\n\t\t\t\t<section class=\"elementor-section elementor-top-section elementor-element elementor-element-bddb912 elementor-section-boxed elementor-section-height-default elementor-section-height-default\" data-id=\"bddb912\" data-element_type=\"section\">\n\t\t\t\t\t\t<div class=\"elementor-container elementor-column-gap-default\">\n\t\t\t\t\t\t\t<div class=\"elementor-row\">\n\t\t\t\t\t<div class=\"elementor-column elementor-col-100 elementor-top-column elementor-element elementor-element-c57f17d\" data-id=\"c57f17d\" data-element_type=\"column\">\n\t\t\t<div class=\"elementor-column-wrap elementor-element-populated\">\n\t\t\t\t\t\t\t<div class=\"elementor-widget-wrap\">\n\t\t\t\t\t\t<div class=\"elementor-element elementor-element-b2429f3 elementor-widget elementor-widget-heading\" data-id=\"b2429f3\" data-element_type=\"widget\" data-widget_type=\"heading.default\">\n\t\t\t\t<div class=\"elementor-widget-container\">\n\t\t\t<h2 class=\"elementor-heading-title elementor-size-default\">Title: Local and Interfacial Magnetic Fields in Electrocatalysis.<\/h2>\t\t<\/div>\n\t\t\t\t<\/div>\n\t\t\t\t\t\t<\/div>\n\t\t\t\t\t<\/div>\n\t\t<\/div>\n\t\t\t\t\t\t\t\t<\/div>\n\t\t\t\t\t<\/div>\n\t\t<\/section>\n\t\t\t\t<section class=\"elementor-section elementor-top-section elementor-element elementor-element-7ea7ede elementor-section-boxed elementor-section-height-default elementor-section-height-default\" data-id=\"7ea7ede\" data-element_type=\"section\">\n\t\t\t\t\t\t<div class=\"elementor-container elementor-column-gap-default\">\n\t\t\t\t\t\t\t<div class=\"elementor-row\">\n\t\t\t\t\t<div class=\"elementor-column elementor-col-100 elementor-top-column elementor-element elementor-element-91f0cec\" data-id=\"91f0cec\" data-element_type=\"column\">\n\t\t\t<div class=\"elementor-column-wrap elementor-element-populated\">\n\t\t\t\t\t\t\t<div class=\"elementor-widget-wrap\">\n\t\t\t\t\t\t<div class=\"elementor-element elementor-element-1a8ba62 elementor-widget elementor-widget-text-editor\" data-id=\"1a8ba62\" data-element_type=\"widget\" data-widget_type=\"text-editor.default\">\n\t\t\t\t<div class=\"elementor-widget-container\">\n\t\t\t\t\t\t\t\t<div class=\"elementor-text-editor elementor-clearfix\">\n\t\t\t\t<p><strong>Abstract:<\/strong>\u00a0A sustainable future requires highly efficient energy conversion processes, where electrocatalysis plays a crucial role. Here, I will present a few unconventional strategies to reach significant boosts in the electrocatalytic activity of Earth-abundant materials using either interfacial or local magnetic fields:<\/p><p>-At the interfacial level magnetic fields affect the mass transfer of charged reactants (to) and products (from) the electrolyte. This effect is universal and independent of the magnetic properties of the surface. I will demonstrate this phenomenon using Pt and transition metal oxides as catalysts for the oxygen evolution reaction (OER), oxygen reduction reaction (ORR) and hydrogen evolution reaction (HER).<\/p><p>-At the local level we use chiral molecules to induce spin selective pathways on the surface of the catalysts. As a case study, I will show the use of functionalized helicenes to boost the oxygen evolution reaction (OER) by ca. 131.5 % (at the potential of 1.65 V vs. RHE) at state-of-the-art 2D catalysts via a spin-polarization mechanism.<\/p><p>By decoupling the effects involved in global (interfacial) vs local magnetic enhancement we provide a versatile strategy that can be easily implemented to boost electrocatalytic reactions on different materials.<\/p>\t\t\t\t\t<\/div>\n\t\t\t\t\t\t<\/div>\n\t\t\t\t<\/div>\n\t\t\t\t\t\t<\/div>\n\t\t\t\t\t<\/div>\n\t\t<\/div>\n\t\t\t\t\t\t\t\t<\/div>\n\t\t\t\t\t<\/div>\n\t\t<\/section>\n\t\t\t\t<section class=\"elementor-section elementor-top-section elementor-element elementor-element-e3032de elementor-section-boxed elementor-section-height-default elementor-section-height-default\" data-id=\"e3032de\" data-element_type=\"section\">\n\t\t\t\t\t\t<div class=\"elementor-container elementor-column-gap-default\">\n\t\t\t\t\t\t\t<div class=\"elementor-row\">\n\t\t\t\t\t<div class=\"elementor-column elementor-col-100 elementor-top-column elementor-element elementor-element-d42a5cf\" data-id=\"d42a5cf\" data-element_type=\"column\">\n\t\t\t<div class=\"elementor-column-wrap elementor-element-populated\">\n\t\t\t\t\t\t\t<div class=\"elementor-widget-wrap\">\n\t\t\t\t\t\t<div class=\"elementor-element elementor-element-bcf5403 elementor-widget elementor-widget-image\" data-id=\"bcf5403\" data-element_type=\"widget\" data-widget_type=\"image.default\">\n\t\t\t\t<div class=\"elementor-widget-container\">\n\t\t\t\t\t\t\t\t<div class=\"elementor-image\">\n\t\t\t\t\t\t\t\t\t\t\t\t<img decoding=\"async\" width=\"640\" height=\"416\" src=\"https:\/\/mami.u-strasbg.fr\/wp-content\/uploads\/2022\/02\/Picture-2.png\" class=\"attachment-large size-large\" alt=\"\" loading=\"lazy\" srcset=\"https:\/\/mami.u-strasbg.fr\/wp-content\/uploads\/2022\/02\/Picture-2.png 904w, https:\/\/mami.u-strasbg.fr\/wp-content\/uploads\/2022\/02\/Picture-2-300x195.png 300w, https:\/\/mami.u-strasbg.fr\/wp-content\/uploads\/2022\/02\/Picture-2-768x499.png 768w\" sizes=\"(max-width: 640px) 100vw, 640px\" \/>\t\t\t\t\t\t\t\t\t\t\t\t\t\t<\/div>\n\t\t\t\t\t\t<\/div>\n\t\t\t\t<\/div>\n\t\t\t\t\t\t<\/div>\n\t\t\t\t\t<\/div>\n\t\t<\/div>\n\t\t\t\t\t\t\t\t<\/div>\n\t\t\t\t\t<\/div>\n\t\t<\/section>\n\t\t\t\t\t\t\t\t\t<\/div>\n\t\t\t<\/div>\n\t\t\t\t\t<\/div>\n\t\t","protected":false},"excerpt":{"rendered":"<p>Magal\u00ed Lingenfelder Head Max-Planck-EPFL Laboratory for Molecular Nanoscience Ecole Polytechnique F\u00e9d\u00e9rale de Lausanne Title: Local and Interfacial Magnetic Fields in Electrocatalysis. Abstract:\u00a0A sustainable future requires highly efficient energy conversion processes, where electrocatalysis plays a crucial role. Here, I will present a few unconventional strategies to reach significant boosts in the electrocatalytic activity of Earth-abundant materials [&hellip;]<\/p>\n","protected":false},"author":4,"featured_media":0,"parent":0,"menu_order":0,"comment_status":"closed","ping_status":"closed","template":"","meta":[],"_links":{"self":[{"href":"https:\/\/mami.u-strasbg.fr\/index.php\/wp-json\/wp\/v2\/pages\/1149"}],"collection":[{"href":"https:\/\/mami.u-strasbg.fr\/index.php\/wp-json\/wp\/v2\/pages"}],"about":[{"href":"https:\/\/mami.u-strasbg.fr\/index.php\/wp-json\/wp\/v2\/types\/page"}],"author":[{"embeddable":true,"href":"https:\/\/mami.u-strasbg.fr\/index.php\/wp-json\/wp\/v2\/users\/4"}],"replies":[{"embeddable":true,"href":"https:\/\/mami.u-strasbg.fr\/index.php\/wp-json\/wp\/v2\/comments?post=1149"}],"version-history":[{"count":6,"href":"https:\/\/mami.u-strasbg.fr\/index.php\/wp-json\/wp\/v2\/pages\/1149\/revisions"}],"predecessor-version":[{"id":1159,"href":"https:\/\/mami.u-strasbg.fr\/index.php\/wp-json\/wp\/v2\/pages\/1149\/revisions\/1159"}],"wp:attachment":[{"href":"https:\/\/mami.u-strasbg.fr\/index.php\/wp-json\/wp\/v2\/media?parent=1149"}],"curies":[{"name":"wp","href":"https:\/\/api.w.org\/{rel}","templated":true}]}}